{"id":12092,"date":"2023-01-31T10:36:52","date_gmt":"2023-01-31T09:36:52","guid":{"rendered":"http:\/\/aniatestuje.pl\/?page_id=12092"},"modified":"2024-08-06T17:59:47","modified_gmt":"2024-08-06T15:59:47","slug":"ewa-baran","status":"publish","type":"page","link":"https:\/\/fundacjabliskodomu.pl\/?page_id=12092","title":{"rendered":"Wydarzenia z Zespo\u0142em Syjon"},"content":{"rendered":"\t\t<div data-elementor-type=\"wp-page\" data-elementor-id=\"12092\" class=\"elementor elementor-12092\">\n\t\t\t\t\t\t\t\t\t<section class=\"elementor-section elementor-top-section elementor-element elementor-element-46d4712 elementor-section-boxed elementor-section-height-default elementor-section-height-default\" data-id=\"46d4712\" data-element_type=\"section\">\n\t\t\t\t\t\t<div class=\"elementor-container elementor-column-gap-default\">\n\t\t\t\t\t<div class=\"elementor-column elementor-col-100 elementor-top-column elementor-element elementor-element-bc00bf7\" data-id=\"bc00bf7\" data-element_type=\"column\">\n\t\t\t<div class=\"elementor-widget-wrap elementor-element-populated\">\n\t\t\t\t\t\t\t\t<div class=\"elementor-element elementor-element-f8dfb66 elementor-widget elementor-widget-spacer\" data-id=\"f8dfb66\" data-element_type=\"widget\" data-widget_type=\"spacer.default\">\n\t\t\t\t<div class=\"elementor-widget-container\">\n\t\t\t<style>\/*! elementor - v3.18.0 - 20-12-2023 *\/\n.elementor-column .elementor-spacer-inner{height:var(--spacer-size)}.e-con{--container-widget-width:100%}.e-con-inner>.elementor-widget-spacer,.e-con>.elementor-widget-spacer{width:var(--container-widget-width,var(--spacer-size));--align-self:var(--container-widget-align-self,initial);--flex-shrink:0}.e-con-inner>.elementor-widget-spacer>.elementor-widget-container,.e-con>.elementor-widget-spacer>.elementor-widget-container{height:100%;width:100%}.e-con-inner>.elementor-widget-spacer>.elementor-widget-container>.elementor-spacer,.e-con>.elementor-widget-spacer>.elementor-widget-container>.elementor-spacer{height:100%}.e-con-inner>.elementor-widget-spacer>.elementor-widget-container>.elementor-spacer>.elementor-spacer-inner,.e-con>.elementor-widget-spacer>.elementor-widget-container>.elementor-spacer>.elementor-spacer-inner{height:var(--container-widget-height,var(--spacer-size))}.e-con-inner>.elementor-widget-spacer.elementor-widget-empty,.e-con>.elementor-widget-spacer.elementor-widget-empty{position:relative;min-height:22px;min-width:22px}.e-con-inner>.elementor-widget-spacer.elementor-widget-empty .elementor-widget-empty-icon,.e-con>.elementor-widget-spacer.elementor-widget-empty .elementor-widget-empty-icon{position:absolute;top:0;bottom:0;left:0;right:0;margin:auto;padding:0;width:22px;height:22px}<\/style>\t\t<div class=\"elementor-spacer\">\n\t\t\t<div class=\"elementor-spacer-inner\"><\/div>\n\t\t<\/div>\n\t\t\t\t<\/div>\n\t\t\t\t<\/div>\n\t\t\t\t\t<\/div>\n\t\t<\/div>\n\t\t\t\t\t\t\t<\/div>\n\t\t<\/section>\n\t\t\t\t<section class=\"elementor-section elementor-top-section elementor-element elementor-element-69063f4 elementor-section-boxed elementor-section-height-default elementor-section-height-default\" data-id=\"69063f4\" data-element_type=\"section\">\n\t\t\t\t\t\t<div class=\"elementor-container elementor-column-gap-default\">\n\t\t\t\t\t<div class=\"elementor-column elementor-col-100 elementor-top-column elementor-element elementor-element-218094e\" data-id=\"218094e\" data-element_type=\"column\">\n\t\t\t<div class=\"elementor-widget-wrap elementor-element-populated\">\n\t\t\t\t\t\t\t\t<div class=\"elementor-element elementor-element-8c88f7f elementor-widget elementor-widget-heading\" data-id=\"8c88f7f\" data-element_type=\"widget\" data-widget_type=\"heading.default\">\n\t\t\t\t<div class=\"elementor-widget-container\">\n\t\t\t<style>\/*! elementor - v3.18.0 - 20-12-2023 *\/\n.elementor-heading-title{padding:0;margin:0;line-height:1}.elementor-widget-heading .elementor-heading-title[class*=elementor-size-]>a{color:inherit;font-size:inherit;line-height:inherit}.elementor-widget-heading .elementor-heading-title.elementor-size-small{font-size:15px}.elementor-widget-heading .elementor-heading-title.elementor-size-medium{font-size:19px}.elementor-widget-heading .elementor-heading-title.elementor-size-large{font-size:29px}.elementor-widget-heading .elementor-heading-title.elementor-size-xl{font-size:39px}.elementor-widget-heading .elementor-heading-title.elementor-size-xxl{font-size:59px}<\/style><h2 class=\"elementor-heading-title elementor-size-default\">W BUDOWIE<\/h2>\t\t<\/div>\n\t\t\t\t<\/div>\n\t\t\t\t\t<\/div>\n\t\t<\/div>\n\t\t\t\t\t\t\t<\/div>\n\t\t<\/section>\n\t\t\t\t\t\t\t<\/div>\n\t\t","protected":false},"excerpt":{"rendered":"<p>W BUDOWIE<\/p>\n","protected":false},"author":1,"featured_media":12074,"parent":0,"menu_order":0,"comment_status":"closed","ping_status":"closed","template":"","meta":{"_tbt_post_transparent":"","_tbt_post_title":"hide","_tbt_post_layout":"fullwidth","_tbt_post_sidebar_id":"","_tbt_post_content_style":"unboxed","_tbt_post_vertical_padding":"hide","_tbt_post_feature":"hide","_tbt_post_feature_position":"","_tbt_post_header":false,"_tbt_post_footer":false},"class_list":["post-12092","page","type-page","status-publish","has-post-thumbnail","hentry"],"yoast_head":"<!-- This site is optimized with the Yoast SEO plugin v21.8 - https:\/\/yoast.com\/wordpress\/plugins\/seo\/ -->\n<title>Wydarzenia z Zespo\u0142em Syjon - Fundacja Blisko Domu<\/title>\n<meta name=\"description\" content=\"Artizana Blisko Domu. Prace tworzy Ola, nasza przyjaci\u00f3\u0142ka ze wsp\u00f3lnoty, gitarzystka i wokalistka w zespole ewangelizacyjnym Syjon.\" \/>\n<meta name=\"robots\" content=\"index, follow, max-snippet:-1, max-image-preview:large, max-video-preview:-1\" \/>\n<link rel=\"canonical\" href=\"https:\/\/fundacjabliskodomu.pl\/?page_id=12092\" \/>\n<meta property=\"og:locale\" content=\"pl_PL\" \/>\n<meta property=\"og:type\" content=\"article\" \/>\n<meta property=\"og:title\" content=\"Wydarzenia z Zespo\u0142em Syjon - Fundacja Blisko Domu\" \/>\n<meta property=\"og:description\" content=\"Artizana Blisko Domu. Prace tworzy Ola, nasza przyjaci\u00f3\u0142ka ze wsp\u00f3lnoty, gitarzystka i wokalistka w zespole ewangelizacyjnym Syjon.\" \/>\n<meta property=\"og:url\" content=\"https:\/\/fundacjabliskodomu.pl\/?page_id=12092\" \/>\n<meta property=\"og:site_name\" content=\"Fundacja Blisko Domu\" \/>\n<meta property=\"article:modified_time\" content=\"2024-08-06T15:59:47+00:00\" \/>\n<meta property=\"og:image\" content=\"https:\/\/fundacjabliskodomu.pl\/wp-content\/uploads\/2023\/01\/ewabaran.jpg\" \/>\n\t<meta property=\"og:image:width\" content=\"414\" \/>\n\t<meta property=\"og:image:height\" content=\"402\" \/>\n\t<meta property=\"og:image:type\" content=\"image\/jpeg\" \/>\n<meta name=\"twitter:card\" content=\"summary_large_image\" \/>\n<meta name=\"twitter:label1\" content=\"Szacowany czas czytania\" \/>\n\t<meta name=\"twitter:data1\" content=\"1 minuta\" \/>\n<script type=\"application\/ld+json\" class=\"yoast-schema-graph\">{\"@context\":\"https:\/\/schema.org\",\"@graph\":[{\"@type\":\"WebPage\",\"@id\":\"https:\/\/fundacjabliskodomu.pl\/?page_id=12092\",\"url\":\"https:\/\/fundacjabliskodomu.pl\/?page_id=12092\",\"name\":\"Wydarzenia z Zespo\u0142em Syjon - Fundacja Blisko Domu\",\"isPartOf\":{\"@id\":\"https:\/\/fundacjabliskodomu.pl\/#website\"},\"datePublished\":\"2023-01-31T09:36:52+00:00\",\"dateModified\":\"2024-08-06T15:59:47+00:00\",\"description\":\"Artizana Blisko Domu. Prace tworzy Ola, nasza przyjaci\u00f3\u0142ka ze wsp\u00f3lnoty, gitarzystka i wokalistka w zespole ewangelizacyjnym Syjon.\",\"breadcrumb\":{\"@id\":\"https:\/\/fundacjabliskodomu.pl\/?page_id=12092#breadcrumb\"},\"inLanguage\":\"pl-PL\",\"potentialAction\":[{\"@type\":\"ReadAction\",\"target\":[\"https:\/\/fundacjabliskodomu.pl\/?page_id=12092\"]}]},{\"@type\":\"BreadcrumbList\",\"@id\":\"https:\/\/fundacjabliskodomu.pl\/?page_id=12092#breadcrumb\",\"itemListElement\":[{\"@type\":\"ListItem\",\"position\":1,\"name\":\"Home\",\"item\":\"https:\/\/fundacjabliskodomu.pl\/\"},{\"@type\":\"ListItem\",\"position\":2,\"name\":\"Wydarzenia z Zespo\u0142em Syjon\"}]},{\"@type\":\"WebSite\",\"@id\":\"https:\/\/fundacjabliskodomu.pl\/#website\",\"url\":\"https:\/\/fundacjabliskodomu.pl\/\",\"name\":\"Fundacja Blisko Domu\",\"description\":\"Fundacja Blisko Domu\",\"publisher\":{\"@id\":\"https:\/\/fundacjabliskodomu.pl\/#organization\"},\"potentialAction\":[{\"@type\":\"SearchAction\",\"target\":{\"@type\":\"EntryPoint\",\"urlTemplate\":\"https:\/\/fundacjabliskodomu.pl\/?s={search_term_string}\"},\"query-input\":\"required name=search_term_string\"}],\"inLanguage\":\"pl-PL\"},{\"@type\":\"Organization\",\"@id\":\"https:\/\/fundacjabliskodomu.pl\/#organization\",\"name\":\"Fundacja Blisko Domu\",\"url\":\"https:\/\/fundacjabliskodomu.pl\/\",\"logo\":{\"@type\":\"ImageObject\",\"inLanguage\":\"pl-PL\",\"@id\":\"https:\/\/fundacjabliskodomu.pl\/#\/schema\/logo\/image\/\",\"url\":\"https:\/\/fundacjabliskodomu.pl\/wp-content\/uploads\/2022\/12\/cropped-cropped-logo_fbd_main_.png\",\"contentUrl\":\"https:\/\/fundacjabliskodomu.pl\/wp-content\/uploads\/2022\/12\/cropped-cropped-logo_fbd_main_.png\",\"width\":300,\"height\":136,\"caption\":\"Fundacja Blisko Domu\"},\"image\":{\"@id\":\"https:\/\/fundacjabliskodomu.pl\/#\/schema\/logo\/image\/\"}}]}<\/script>\n<!-- \/ Yoast SEO plugin. -->","yoast_head_json":{"title":"Wydarzenia z Zespo\u0142em Syjon - Fundacja Blisko Domu","description":"Artizana Blisko Domu. Prace tworzy Ola, nasza przyjaci\u00f3\u0142ka ze wsp\u00f3lnoty, gitarzystka i wokalistka w zespole ewangelizacyjnym Syjon.","robots":{"index":"index","follow":"follow","max-snippet":"max-snippet:-1","max-image-preview":"max-image-preview:large","max-video-preview":"max-video-preview:-1"},"canonical":"https:\/\/fundacjabliskodomu.pl\/?page_id=12092","og_locale":"pl_PL","og_type":"article","og_title":"Wydarzenia z Zespo\u0142em Syjon - Fundacja Blisko Domu","og_description":"Artizana Blisko Domu. Prace tworzy Ola, nasza przyjaci\u00f3\u0142ka ze wsp\u00f3lnoty, gitarzystka i wokalistka w zespole ewangelizacyjnym Syjon.","og_url":"https:\/\/fundacjabliskodomu.pl\/?page_id=12092","og_site_name":"Fundacja Blisko Domu","article_modified_time":"2024-08-06T15:59:47+00:00","og_image":[{"width":414,"height":402,"url":"https:\/\/fundacjabliskodomu.pl\/wp-content\/uploads\/2023\/01\/ewabaran.jpg","type":"image\/jpeg"}],"twitter_card":"summary_large_image","twitter_misc":{"Szacowany czas czytania":"1 minuta"},"schema":{"@context":"https:\/\/schema.org","@graph":[{"@type":"WebPage","@id":"https:\/\/fundacjabliskodomu.pl\/?page_id=12092","url":"https:\/\/fundacjabliskodomu.pl\/?page_id=12092","name":"Wydarzenia z Zespo\u0142em Syjon - Fundacja Blisko Domu","isPartOf":{"@id":"https:\/\/fundacjabliskodomu.pl\/#website"},"datePublished":"2023-01-31T09:36:52+00:00","dateModified":"2024-08-06T15:59:47+00:00","description":"Artizana Blisko Domu. Prace tworzy Ola, nasza przyjaci\u00f3\u0142ka ze wsp\u00f3lnoty, gitarzystka i wokalistka w zespole ewangelizacyjnym Syjon.","breadcrumb":{"@id":"https:\/\/fundacjabliskodomu.pl\/?page_id=12092#breadcrumb"},"inLanguage":"pl-PL","potentialAction":[{"@type":"ReadAction","target":["https:\/\/fundacjabliskodomu.pl\/?page_id=12092"]}]},{"@type":"BreadcrumbList","@id":"https:\/\/fundacjabliskodomu.pl\/?page_id=12092#breadcrumb","itemListElement":[{"@type":"ListItem","position":1,"name":"Home","item":"https:\/\/fundacjabliskodomu.pl\/"},{"@type":"ListItem","position":2,"name":"Wydarzenia z Zespo\u0142em Syjon"}]},{"@type":"WebSite","@id":"https:\/\/fundacjabliskodomu.pl\/#website","url":"https:\/\/fundacjabliskodomu.pl\/","name":"Fundacja Blisko Domu","description":"Fundacja Blisko Domu","publisher":{"@id":"https:\/\/fundacjabliskodomu.pl\/#organization"},"potentialAction":[{"@type":"SearchAction","target":{"@type":"EntryPoint","urlTemplate":"https:\/\/fundacjabliskodomu.pl\/?s={search_term_string}"},"query-input":"required name=search_term_string"}],"inLanguage":"pl-PL"},{"@type":"Organization","@id":"https:\/\/fundacjabliskodomu.pl\/#organization","name":"Fundacja Blisko Domu","url":"https:\/\/fundacjabliskodomu.pl\/","logo":{"@type":"ImageObject","inLanguage":"pl-PL","@id":"https:\/\/fundacjabliskodomu.pl\/#\/schema\/logo\/image\/","url":"https:\/\/fundacjabliskodomu.pl\/wp-content\/uploads\/2022\/12\/cropped-cropped-logo_fbd_main_.png","contentUrl":"https:\/\/fundacjabliskodomu.pl\/wp-content\/uploads\/2022\/12\/cropped-cropped-logo_fbd_main_.png","width":300,"height":136,"caption":"Fundacja Blisko Domu"},"image":{"@id":"https:\/\/fundacjabliskodomu.pl\/#\/schema\/logo\/image\/"}}]}},"_links":{"self":[{"href":"https:\/\/fundacjabliskodomu.pl\/index.php?rest_route=\/wp\/v2\/pages\/12092","targetHints":{"allow":["GET"]}}],"collection":[{"href":"https:\/\/fundacjabliskodomu.pl\/index.php?rest_route=\/wp\/v2\/pages"}],"about":[{"href":"https:\/\/fundacjabliskodomu.pl\/index.php?rest_route=\/wp\/v2\/types\/page"}],"author":[{"embeddable":true,"href":"https:\/\/fundacjabliskodomu.pl\/index.php?rest_route=\/wp\/v2\/users\/1"}],"replies":[{"embeddable":true,"href":"https:\/\/fundacjabliskodomu.pl\/index.php?rest_route=%2Fwp%2Fv2%2Fcomments&post=12092"}],"version-history":[{"count":29,"href":"https:\/\/fundacjabliskodomu.pl\/index.php?rest_route=\/wp\/v2\/pages\/12092\/revisions"}],"predecessor-version":[{"id":14930,"href":"https:\/\/fundacjabliskodomu.pl\/index.php?rest_route=\/wp\/v2\/pages\/12092\/revisions\/14930"}],"wp:featuredmedia":[{"embeddable":true,"href":"https:\/\/fundacjabliskodomu.pl\/index.php?rest_route=\/wp\/v2\/media\/12074"}],"wp:attachment":[{"href":"https:\/\/fundacjabliskodomu.pl\/index.php?rest_route=%2Fwp%2Fv2%2Fmedia&parent=12092"}],"curies":[{"name":"wp","href":"https:\/\/api.w.org\/{rel}","templated":true}]}}